{"id":407,"date":"2021-06-04T20:18:05","date_gmt":"2021-06-04T17:18:05","guid":{"rendered":"https:\/\/erciyas.com\/?page_id=407"},"modified":"2024-10-31T17:54:39","modified_gmt":"2024-10-31T14:54:39","slug":"management","status":"publish","type":"page","link":"https:\/\/erciyas.com\/en\/management\/","title":{"rendered":"Management"},"content":{"rendered":"<section class=\"l-section wpb_row height_huge\"><div class=\"l-section-h i-cf\"><div class=\"g-cols vc_row via_flex valign_top type_default stacking_default\"><div class=\"vc_col-sm-12 wpb_column vc_column_container\"><div class=\"vc_column-inner\"><div class=\"wpb_wrapper\"><div class=\"wpb_text_column\"><div class=\"wpb_wrapper\"><h3>Management<\/h3>\n<\/div><\/div><\/div><\/div><\/div><\/div><\/div><\/section><!-- Row Backgrounds --><div class=\"upb_bg_img\" data-ultimate-bg=\"url(https:\/\/erciyas.com\/wp-content\/uploads\/2021\/06\/header-img-01.jpg)\" data-image-id=\"id^48|url^http:\/\/erciyas.com\/wp-content\/uploads\/2021\/06\/header-img-01.jpg|caption^null|alt^null|title^header-img-01|description^null\" data-ultimate-bg-style=\"vcpb-default\" data-bg-img-repeat=\"no-repeat\" data-bg-img-size=\"cover\" data-bg-img-position=\"\" data-parallx_sense=\"30\" data-bg-override=\"0\" data-bg_img_attach=\"scroll\" data-upb-overlay-color=\"\" data-upb-bg-animation=\"\" data-fadeout=\"\" data-bg-animation=\"left-animation\" data-bg-animation-type=\"h\" data-animation-repeat=\"repeat\" data-fadeout-percentage=\"30\" data-parallax-content=\"\" data-parallax-content-sense=\"30\" data-row-effect-mobile-disable=\"true\" data-img-parallax-mobile-disable=\"true\" data-rtl=\"false\"  data-custom-vc-row=\"\"  data-vc=\"8.7.2\"  data-is_old_vc=\"\"  data-theme-support=\"\"   data-overlay=\"false\" data-overlay-color=\"\" data-overlay-pattern=\"\" data-overlay-pattern-opacity=\"\" data-overlay-pattern-size=\"\"    ><\/div><section class=\"l-section wpb_row height_medium\"><div class=\"l-section-h i-cf\"><div class=\"g-cols vc_row via_flex valign_top type_default stacking_default\"><div class=\"vc_col-sm-12 wpb_column vc_column_container\"><div class=\"vc_column-inner\"><div class=\"wpb_wrapper\"><div class=\"g-cols wpb_row via_flex valign_top type_default stacking_default\"><div class=\"vc_col-sm-2 wpb_column vc_column_container\"><div class=\"vc_column-inner\"><div class=\"wpb_wrapper\"><\/div><\/div><\/div><div class=\"vc_col-sm-8 wpb_column vc_column_container\"><div class=\"vc_column-inner\"><div class=\"wpb_wrapper\"><div class=\"w-grid us_grid type_grid layout_412 cols_2 valign_center preload_style_spinner\" id=\"us_grid_1\" style=\"--columns:2;--gap:1.5rem;\" data-filterable=\"true\"><style>@media (max-width:600px){#us_grid_1{--columns:1!important}}.layout_412 .w-grid-item-h{background:#fcfcfc;color:#333333;border-radius:0.4rem;box-shadow:0 0.04rem 0.08rem rgba(0,0,0,0.1),0 0.13rem 0.4rem rgba(0,0,0,0.1);transition-duration:0.3s}.layout_412 .usg_vwrapper_1{transition-duration:0.3s;transform-origin:50% 50%;transform:scale(1) translate(0%,0%)}.layout_412 .w-grid-item-h:focus-within .usg_vwrapper_1,.layout_412 .w-grid-item-h:hover .usg_vwrapper_1{transform:scale(1) translate(0%,0%);opacity:1;background:#343248!important;border-color:#343248!important;color:#ffffff!important}.layout_412 .usg_vwrapper_1{border-radius:15px!important}.layout_412 .usg_post_title_1{font-family:var(--h1-font-family)!important;font-weight:400!important;font-size:26px!important}.layout_412 .usg_post_taxonomy_1{color:#ee3e33!important;font-family:var(--h1-font-family)!important;font-weight:500!important;font-size:20px!important}.layout_412 .usg_html_1{color:#ee3e33!important;font-family:var(--h1-font-family)!important;font-weight:700!important}<\/style><div class=\"w-grid-list\">\t<article class=\"w-grid-item size_1x1 post-253 us_portfolio type-us_portfolio status-publish has-post-thumbnail hentry us_portfolio_category-founder-chairman\" data-id=\"253\">\r\n\t\t<div class=\"w-grid-item-h\">\r\n\t\t\t\t\t\t<div class=\"w-vwrapper usg_vwrapper_1 align_center valign_middle\"><div class=\"w-html usg_html_2\"><br>\n<\/div><div class=\"w-post-elm post_image usg_post_image_1\"><a href=\"https:\/\/erciyas.com\/en\/yonetim\/ahmet-kamil-erciyas\/\" aria-label=\"Ahmet Kamil Erciyas\"><img loading=\"lazy\" decoding=\"async\" width=\"200\" height=\"208\" src=\"https:\/\/erciyas.com\/wp-content\/uploads\/2021\/06\/ake_circle2.png\" class=\"attachment-full size-full wp-post-image\" alt=\"\" srcset=\"https:\/\/erciyas.com\/wp-content\/uploads\/2021\/06\/ake_circle2.png 200w, https:\/\/erciyas.com\/wp-content\/uploads\/2021\/06\/ake_circle2-81x84.png 81w, https:\/\/erciyas.com\/wp-content\/uploads\/2021\/06\/ake_circle2-62x64.png 62w\" sizes=\"auto, (max-width: 200px) 100vw, 200px\" \/><\/a><\/div><div class=\"w-post-elm post_title usg_post_title_1 align_center entry-title color_link_inherit\"><a href=\"https:\/\/erciyas.com\/en\/yonetim\/ahmet-kamil-erciyas\/\">Ahmet Kamil Erciyas<\/a><\/div><div class=\"w-post-elm post_taxonomy usg_post_taxonomy_1 has_text_color style_simple color_link_inherit\"><a class=\"term-9 term-founder-chairman\" href=\"https:\/\/erciyas.com\/en\/yonetim\/ahmet-kamil-erciyas\/\">Founder &amp; Chairman<\/a><\/div><div class=\"w-html usg_html_1 has_text_color\"><i class=\"fas fa-long-arrow-alt-right\"><\/i><\/div><\/div>\t\t<\/div>\r\n\t\t\t<\/article>\r\n\t<article class=\"w-grid-item size_1x1 post-416 us_portfolio type-us_portfolio status-publish has-post-thumbnail hentry us_portfolio_category-ceo\" data-id=\"416\">\r\n\t\t<div class=\"w-grid-item-h\">\r\n\t\t\t\t\t\t<div class=\"w-vwrapper usg_vwrapper_1 align_center valign_middle\"><div class=\"w-html usg_html_2\"><br>\n<\/div><div class=\"w-post-elm post_image usg_post_image_1\"><a href=\"https:\/\/erciyas.com\/en\/yonetim\/kamil-emre-erciyas\/\" aria-label=\"Kamil Emre Erciyas\"><img loading=\"lazy\" decoding=\"async\" width=\"200\" height=\"216\" src=\"https:\/\/erciyas.com\/wp-content\/uploads\/2021\/06\/ee.png\" class=\"attachment-full size-full wp-post-image\" alt=\"\" srcset=\"https:\/\/erciyas.com\/wp-content\/uploads\/2021\/06\/ee.png 200w, https:\/\/erciyas.com\/wp-content\/uploads\/2021\/06\/ee-78x84.png 78w, https:\/\/erciyas.com\/wp-content\/uploads\/2021\/06\/ee-59x64.png 59w\" sizes=\"auto, (max-width: 200px) 100vw, 200px\" \/><\/a><\/div><div class=\"w-post-elm post_title usg_post_title_1 align_center entry-title color_link_inherit\"><a href=\"https:\/\/erciyas.com\/en\/yonetim\/kamil-emre-erciyas\/\">Kamil Emre Erciyas<\/a><\/div><div class=\"w-post-elm post_taxonomy usg_post_taxonomy_1 has_text_color style_simple color_link_inherit\"><a class=\"term-12 term-ceo\" href=\"https:\/\/erciyas.com\/en\/yonetim\/kamil-emre-erciyas\/\">CEO<\/a><\/div><div class=\"w-html usg_html_1 has_text_color\"><i class=\"fas fa-long-arrow-alt-right\"><\/i><\/div><\/div>\t\t<\/div>\r\n\t\t\t<\/article>\r\n<\/div>\t<div class=\"w-grid-preloader\">\r\n\t\t<div class=\"g-preloader type_1\">\r\n\t\t\t<div><\/div>\r\n\t\t<\/div>\r\n\t<\/div>\r\n\t\t<div class=\"w-grid-json hidden\" onclick='return {&quot;action&quot;:&quot;us_ajax_grid&quot;,&quot;infinite_scroll&quot;:0,&quot;max_num_pages&quot;:1,&quot;pagination&quot;:&quot;none&quot;,&quot;template_vars&quot;:{&quot;columns&quot;:&quot;2&quot;,&quot;exclude_items&quot;:&quot;none&quot;,&quot;img_size&quot;:&quot;default&quot;,&quot;ignore_items_size&quot;:0,&quot;items_layout&quot;:&quot;412&quot;,&quot;items_offset&quot;:&quot;1&quot;,&quot;load_animation&quot;:&quot;none&quot;,&quot;overriding_link&quot;:&quot;{\\&quot;url\\&quot;:\\&quot;\\&quot;}&quot;,&quot;post_id&quot;:0,&quot;query_args&quot;:{&quot;post_type&quot;:[&quot;us_portfolio&quot;],&quot;tax_query&quot;:[{&quot;taxonomy&quot;:&quot;us_portfolio_category&quot;,&quot;field&quot;:&quot;slug&quot;,&quot;terms&quot;:[&quot;icra-kurulu-baskani&quot;,&quot;kurucu-baskan&quot;,&quot;founder-chairman&quot;,&quot;ceo&quot;]}],&quot;post_status&quot;:[&quot;publish&quot;],&quot;posts_per_page&quot;:&quot;2&quot;},&quot;orderby_query_args&quot;:{&quot;orderby&quot;:{&quot;menu_order&quot;:&quot;ASC&quot;},&quot;order&quot;:&quot;ASC&quot;},&quot;type&quot;:&quot;grid&quot;,&quot;us_grid_post_type&quot;:&quot;us_portfolio&quot;,&quot;us_grid_ajax_index&quot;:1,&quot;us_grid_filter_query_string&quot;:null,&quot;us_grid_index&quot;:1,&quot;page_args&quot;:[],&quot;lang&quot;:&quot;en&quot;}}'><\/div>\r\n\t<\/div><\/div><\/div><\/div><div class=\"vc_col-sm-2 wpb_column vc_column_container\"><div class=\"vc_column-inner\"><div class=\"wpb_wrapper\"><\/div><\/div><\/div><\/div><div class=\"w-separator size_medium\"><\/div><div class=\"g-cols wpb_row via_flex valign_top type_default stacking_default\"><div class=\"vc_col-sm-12 wpb_column vc_column_container\"><div class=\"vc_column-inner\"><div class=\"wpb_wrapper\"><div class=\"w-grid us_grid type_grid layout_412 cols_2 preload_style_spinner\" id=\"us_grid_2\" style=\"--columns:2;--gap:1.5rem;\" data-filterable=\"true\"><style>@media (max-width:600px){#us_grid_2{--columns:1!important}}<\/style><div class=\"w-grid-list\">\t<article class=\"w-grid-item size_1x1 post-424 us_portfolio type-us_portfolio status-publish has-post-thumbnail hentry us_portfolio_category-board-member\" data-id=\"424\">\r\n\t\t<div class=\"w-grid-item-h\">\r\n\t\t\t\t\t\t<div class=\"w-vwrapper usg_vwrapper_1 align_center valign_middle\"><div class=\"w-html usg_html_2\"><br>\n<\/div><div class=\"w-post-elm post_image usg_post_image_1\"><a href=\"https:\/\/erciyas.com\/en\/yonetim\/fatih-tamay\/\" aria-label=\"Fatih Tamay\"><img loading=\"lazy\" decoding=\"async\" width=\"200\" height=\"216\" src=\"https:\/\/erciyas.com\/wp-content\/uploads\/2021\/06\/fatih_circle3.png\" class=\"attachment-full size-full wp-post-image\" alt=\"\" srcset=\"https:\/\/erciyas.com\/wp-content\/uploads\/2021\/06\/fatih_circle3.png 200w, https:\/\/erciyas.com\/wp-content\/uploads\/2021\/06\/fatih_circle3-78x84.png 78w, https:\/\/erciyas.com\/wp-content\/uploads\/2021\/06\/fatih_circle3-59x64.png 59w\" sizes=\"auto, (max-width: 200px) 100vw, 200px\" \/><\/a><\/div><div class=\"w-post-elm post_title usg_post_title_1 align_center entry-title color_link_inherit\"><a href=\"https:\/\/erciyas.com\/en\/yonetim\/fatih-tamay\/\">Fatih Tamay<\/a><\/div><div class=\"w-post-elm post_taxonomy usg_post_taxonomy_1 has_text_color style_simple color_link_inherit\"><a class=\"term-13 term-board-member\" href=\"https:\/\/erciyas.com\/en\/yonetim\/fatih-tamay\/\">Board Member<\/a><\/div><div class=\"w-html usg_html_1 has_text_color\"><i class=\"fas fa-long-arrow-alt-right\"><\/i><\/div><\/div>\t\t<\/div>\r\n\t\t\t<\/article>\r\n\t<article class=\"w-grid-item size_1x1 post-432 us_portfolio type-us_portfolio status-publish has-post-thumbnail hentry us_portfolio_category-board-member\" data-id=\"432\">\r\n\t\t<div class=\"w-grid-item-h\">\r\n\t\t\t\t\t\t<div class=\"w-vwrapper usg_vwrapper_1 align_center valign_middle\"><div class=\"w-html usg_html_2\"><br>\n<\/div><div class=\"w-post-elm post_image usg_post_image_1\"><a href=\"https:\/\/erciyas.com\/en\/yonetim\/teoman-dogan\/\" aria-label=\"Teoman Do\u011fan\"><img loading=\"lazy\" decoding=\"async\" width=\"200\" height=\"216\" src=\"https:\/\/erciyas.com\/wp-content\/uploads\/2021\/06\/td_circle.png\" class=\"attachment-full size-full wp-post-image\" alt=\"\" srcset=\"https:\/\/erciyas.com\/wp-content\/uploads\/2021\/06\/td_circle.png 200w, https:\/\/erciyas.com\/wp-content\/uploads\/2021\/06\/td_circle-78x84.png 78w, https:\/\/erciyas.com\/wp-content\/uploads\/2021\/06\/td_circle-59x64.png 59w\" sizes=\"auto, (max-width: 200px) 100vw, 200px\" \/><\/a><\/div><div class=\"w-post-elm post_title usg_post_title_1 align_center entry-title color_link_inherit\"><a href=\"https:\/\/erciyas.com\/en\/yonetim\/teoman-dogan\/\">Teoman Do\u011fan<\/a><\/div><div class=\"w-post-elm post_taxonomy usg_post_taxonomy_1 has_text_color style_simple color_link_inherit\"><a class=\"term-13 term-board-member\" href=\"https:\/\/erciyas.com\/en\/yonetim\/teoman-dogan\/\">Board Member<\/a><\/div><div class=\"w-html usg_html_1 has_text_color\"><i class=\"fas fa-long-arrow-alt-right\"><\/i><\/div><\/div>\t\t<\/div>\r\n\t\t\t<\/article>\r\n<\/div>\t<div class=\"w-grid-preloader\">\r\n\t\t<div class=\"g-preloader type_1\">\r\n\t\t\t<div><\/div>\r\n\t\t<\/div>\r\n\t<\/div>\r\n\t\t<div class=\"w-grid-json hidden\" onclick='return {&quot;action&quot;:&quot;us_ajax_grid&quot;,&quot;infinite_scroll&quot;:0,&quot;max_num_pages&quot;:1,&quot;pagination&quot;:&quot;none&quot;,&quot;template_vars&quot;:{&quot;columns&quot;:&quot;2&quot;,&quot;exclude_items&quot;:&quot;none&quot;,&quot;img_size&quot;:&quot;default&quot;,&quot;ignore_items_size&quot;:0,&quot;items_layout&quot;:&quot;412&quot;,&quot;items_offset&quot;:&quot;1&quot;,&quot;load_animation&quot;:&quot;none&quot;,&quot;overriding_link&quot;:&quot;%7B%22url%22%3A%22%22%7D&quot;,&quot;post_id&quot;:0,&quot;query_args&quot;:{&quot;post_type&quot;:[&quot;us_portfolio&quot;],&quot;tax_query&quot;:[{&quot;taxonomy&quot;:&quot;us_portfolio_category&quot;,&quot;field&quot;:&quot;slug&quot;,&quot;terms&quot;:[&quot;uye&quot;,&quot;board-member&quot;]}],&quot;post_status&quot;:[&quot;publish&quot;],&quot;posts_per_page&quot;:&quot;10&quot;},&quot;orderby_query_args&quot;:{&quot;orderby&quot;:{&quot;menu_order&quot;:&quot;ASC&quot;},&quot;order&quot;:&quot;ASC&quot;},&quot;type&quot;:&quot;grid&quot;,&quot;us_grid_post_type&quot;:&quot;us_portfolio&quot;,&quot;us_grid_ajax_index&quot;:2,&quot;us_grid_filter_query_string&quot;:null,&quot;us_grid_index&quot;:2,&quot;page_args&quot;:[],&quot;lang&quot;:&quot;en&quot;}}'><\/div>\r\n\t<\/div><\/div><\/div><\/div><\/div><\/div><\/div><\/div><\/div><\/div><\/section>\n","protected":false},"excerpt":{"rendered":"Teoman Do\u011fanBOARD MEMBERMr. Do\u011fan, born on May 23 1955 in Istanbul. He graduated from Ere\u011fli Kdz high School in 1972. After that, he graduated from Y\u0131ld\u0131z Technical University Mechanical Engineering Faculty in 1976. He completed his master&#8217;s degree in Heat Process Technique at the same university between 1976-1978. He did his military service as an...","protected":false},"author":1,"featured_media":0,"parent":0,"menu_order":0,"comment_status":"closed","ping_status":"closed","template":"","meta":{"footnotes":""},"class_list":["post-407","page","type-page","status-publish","hentry"],"_links":{"self":[{"href":"https:\/\/erciyas.com\/en\/wp-json\/wp\/v2\/pages\/407","targetHints":{"allow":["GET"]}}],"collection":[{"href":"https:\/\/erciyas.com\/en\/wp-json\/wp\/v2\/pages"}],"about":[{"href":"https:\/\/erciyas.com\/en\/wp-json\/wp\/v2\/types\/page"}],"author":[{"embeddable":true,"href":"https:\/\/erciyas.com\/en\/wp-json\/wp\/v2\/users\/1"}],"replies":[{"embeddable":true,"href":"https:\/\/erciyas.com\/en\/wp-json\/wp\/v2\/comments?post=407"}],"version-history":[{"count":4,"href":"https:\/\/erciyas.com\/en\/wp-json\/wp\/v2\/pages\/407\/revisions"}],"predecessor-version":[{"id":1264,"href":"https:\/\/erciyas.com\/en\/wp-json\/wp\/v2\/pages\/407\/revisions\/1264"}],"wp:attachment":[{"href":"https:\/\/erciyas.com\/en\/wp-json\/wp\/v2\/media?parent=407"}],"curies":[{"name":"wp","href":"https:\/\/api.w.org\/{rel}","templated":true}]}}