{"id":403,"date":"2021-06-04T20:16:24","date_gmt":"2021-06-04T17:16:24","guid":{"rendered":"https:\/\/erciyas.com\/?page_id=403"},"modified":"2021-09-13T17:41:14","modified_gmt":"2021-09-13T14:41:14","slug":"railways-logistics","status":"publish","type":"page","link":"https:\/\/erciyas.com\/en\/railways-logistics\/","title":{"rendered":"Railways \/ Logistics"},"content":{"rendered":"<section class=\"l-section wpb_row height_auto width_full\"><div class=\"l-section-h i-cf\"><div class=\"g-cols vc_row via_flex valign_top type_default stacking_default\"><div class=\"vc_col-sm-12 wpb_column vc_column_container\"><div class=\"vc_column-inner\"><div class=\"wpb_wrapper\">\n\t\t\t<!-- START Vagon_en REVOLUTION SLIDER 6.7.41 --><p class=\"rs-p-wp-fix\"><\/p>\n\t\t\t<rs-module-wrap id=\"rev_slider_22_1_wrapper\" data-source=\"gallery\" style=\"visibility:hidden;background:transparent;padding:0;\">\n\t\t\t\t<rs-module id=\"rev_slider_22_1\" style=\"\" data-version=\"6.7.41\">\n\t\t\t\t\t<rs-slides style=\"overflow: hidden; position: absolute;\">\n\t\t\t\t\t\t<rs-slide style=\"position: absolute;\" data-key=\"rs-36\" data-title=\"Slide\" data-thumb=\"\/\/erciyas.com\/wp-content\/uploads\/2021\/06\/glober-logistics-50x100.jpg\" data-anim=\"adpr:false;\" data-in=\"o:0;\" data-out=\"a:false;\">\n\t\t\t\t\t\t\t<img decoding=\"async\" src=\"\/\/erciyas.com\/wp-content\/plugins\/revslider\/sr6\/assets\/assets\/dummy.png\" alt=\"\" title=\"glober-logistics\" width=\"1920\" height=\"1080\" class=\"rev-slidebg tp-rs-img rs-lazyload\" data-lazyload=\"\/\/erciyas.com\/wp-content\/uploads\/2021\/06\/glober-logistics.jpg\" data-no-retina>\n<!--\n\t\t\t\t\t\t\t--><rs-layer\n\t\t\t\t\t\t\t\tid=\"slider-22-slide-36-layer-2\" \n\t\t\t\t\t\t\t\tdata-type=\"text\"\n\t\t\t\t\t\t\t\tdata-color=\"#ffffff\"\n\t\t\t\t\t\t\t\tdata-rsp_ch=\"on\"\n\t\t\t\t\t\t\t\tdata-xy=\"x:50px;y:c;\"\n\t\t\t\t\t\t\t\tdata-text=\"w:normal;s:70;l:80;fw:900;\"\n\t\t\t\t\t\t\t\tdata-frame_1=\"e:power4.inOut;sp:1200;\"\n\t\t\t\t\t\t\t\tdata-frame_1_sfx=\"se:blocktoright;\"\n\t\t\t\t\t\t\t\tdata-frame_999=\"o:0;st:w;\"\n\t\t\t\t\t\t\t\tstyle=\"z-index:5;font-family:'Nunito Sans';\"\n\t\t\t\t\t\t\t>Erciyas Wagon and <br>Logistics Group \n\t\t\t\t\t\t\t<\/rs-layer><!--\n-->\t\t\t\t\t<\/rs-slide>\n\t\t\t\t\t\t<rs-slide style=\"position: absolute;\" data-key=\"rs-37\" data-title=\"Slide\" data-thumb=\"\/\/erciyas.com\/wp-content\/uploads\/2021\/06\/rc-industry-wo-filter-50x100.jpg\" data-anim=\"adpr:false;\" data-in=\"o:0;\" data-out=\"a:false;\">\n\t\t\t\t\t\t\t<img decoding=\"async\" src=\"\/\/erciyas.com\/wp-content\/plugins\/revslider\/sr6\/assets\/assets\/dummy.png\" alt=\"\" title=\"rc-industry-wo-filter\" width=\"1636\" height=\"920\" class=\"rev-slidebg tp-rs-img rs-lazyload\" data-lazyload=\"\/\/erciyas.com\/wp-content\/uploads\/2021\/06\/rc-industry-wo-filter.jpg\" data-no-retina>\n<!--\n\t\t\t\t\t\t\t--><rs-layer\n\t\t\t\t\t\t\t\tid=\"slider-22-slide-37-layer-3\" \n\t\t\t\t\t\t\t\tdata-type=\"text\"\n\t\t\t\t\t\t\t\tdata-color=\"#ffffff\"\n\t\t\t\t\t\t\t\tdata-rsp_ch=\"on\"\n\t\t\t\t\t\t\t\tdata-xy=\"x:50px;y:c;yo:-100px;\"\n\t\t\t\t\t\t\t\tdata-text=\"w:normal;s:50;l:80;fw:900;\"\n\t\t\t\t\t\t\t\tdata-frame_0=\"sX:0.8;sY:0.8;\"\n\t\t\t\t\t\t\t\tdata-frame_1=\"e:power4.out;sp:1000;\"\n\t\t\t\t\t\t\t\tdata-frame_999=\"o:0;st:w;\"\n\t\t\t\t\t\t\t\tstyle=\"z-index:5;font-family:'Nunito Sans';\"\n\t\t\t\t\t\t\t>RC Industry \n\t\t\t\t\t\t\t<\/rs-layer><!--\n\n\t\t\t\t\t\t\t--><a\n\t\t\t\t\t\t\t\tid=\"slider-22-slide-37-layer-4\" \n\t\t\t\t\t\t\t\tclass=\"rs-layer rev-btn\"\n\t\t\t\t\t\t\t\thref=\"https:\/\/erciyassteelpipe.com\/en\/rc-industry\/\" target=\"_self\"\n\t\t\t\t\t\t\t\tdata-type=\"button\"\n\t\t\t\t\t\t\t\tdata-color=\"#000000\"\n\t\t\t\t\t\t\t\tdata-rsp_ch=\"on\"\n\t\t\t\t\t\t\t\tdata-xy=\"x:50px;y:c;\"\n\t\t\t\t\t\t\t\tdata-text=\"w:normal;s:15;l:32;fw:700;\"\n\t\t\t\t\t\t\t\tdata-dim=\"minh:0px;\"\n\t\t\t\t\t\t\t\tdata-padding=\"r:20;l:20;\"\n\t\t\t\t\t\t\t\tdata-frame_0=\"x:-50;\"\n\t\t\t\t\t\t\t\tdata-frame_1=\"sp:1000;\"\n\t\t\t\t\t\t\t\tdata-frame_999=\"o:0;st:w;\"\n\t\t\t\t\t\t\t\tdata-frame_hover=\"c:#fff;bgc:transparent;boc:#fff;bor:0px,0px,0px,0px;bos:solid;bow:1px,1px,1px,1px;\"\n\t\t\t\t\t\t\t\tstyle=\"z-index:6;background-color:rgba(255,255,255,1);font-family:'Nunito Sans';\"\n\t\t\t\t\t\t\t>RC Industry \n\t\t\t\t\t\t\t<\/a><!--\n-->\t\t\t\t\t<\/rs-slide>\n\t\t\t\t\t\t<rs-slide style=\"position: absolute;\" data-key=\"rs-38\" data-title=\"Slide\" data-thumb=\"\/\/erciyas.com\/wp-content\/uploads\/2021\/06\/glober-logistics-50x100.jpg\" data-anim=\"adpr:false;\" data-in=\"o:0;\" data-out=\"a:false;\">\n\t\t\t\t\t\t\t<img decoding=\"async\" src=\"\/\/erciyas.com\/wp-content\/plugins\/revslider\/sr6\/assets\/assets\/dummy.png\" alt=\"\" title=\"glober-logistics\" width=\"1920\" height=\"1080\" class=\"rev-slidebg tp-rs-img rs-lazyload\" data-lazyload=\"\/\/erciyas.com\/wp-content\/uploads\/2021\/06\/glober-logistics.jpg\" data-no-retina>\n<!--\n\t\t\t\t\t\t\t--><rs-layer\n\t\t\t\t\t\t\t\tid=\"slider-22-slide-38-layer-5\" \n\t\t\t\t\t\t\t\tdata-type=\"text\"\n\t\t\t\t\t\t\t\tdata-color=\"#ffffff\"\n\t\t\t\t\t\t\t\tdata-rsp_ch=\"on\"\n\t\t\t\t\t\t\t\tdata-xy=\"x:49px;y:c;yo:-110px;\"\n\t\t\t\t\t\t\t\tdata-text=\"w:normal;s:50;l:50;fw:900;\"\n\t\t\t\t\t\t\t\tdata-frame_0=\"x:-100%;\"\n\t\t\t\t\t\t\t\tdata-frame_0_mask=\"u:t;\"\n\t\t\t\t\t\t\t\tdata-frame_1=\"sp:2000;\"\n\t\t\t\t\t\t\t\tdata-frame_1_mask=\"u:t;\"\n\t\t\t\t\t\t\t\tdata-frame_999=\"o:0;st:w;\"\n\t\t\t\t\t\t\t\tstyle=\"z-index:5;font-family:'Nunito Sans';\"\n\t\t\t\t\t\t\t>Glober Logistics \n\t\t\t\t\t\t\t<\/rs-layer><!--\n\n\t\t\t\t\t\t\t--><a\n\t\t\t\t\t\t\t\tid=\"slider-22-slide-38-layer-6\" \n\t\t\t\t\t\t\t\tclass=\"rs-layer rev-btn\"\n\t\t\t\t\t\t\t\thref=\"https:\/\/erciyassteelpipe.com\/en\/glober-logistics\/\" target=\"_self\"\n\t\t\t\t\t\t\t\tdata-type=\"button\"\n\t\t\t\t\t\t\t\tdata-color=\"#000000\"\n\t\t\t\t\t\t\t\tdata-rsp_ch=\"on\"\n\t\t\t\t\t\t\t\tdata-xy=\"x:50px;y:c;\"\n\t\t\t\t\t\t\t\tdata-text=\"w:normal;s:15;l:32;fw:700;\"\n\t\t\t\t\t\t\t\tdata-dim=\"minh:0px;\"\n\t\t\t\t\t\t\t\tdata-padding=\"r:20;l:20;\"\n\t\t\t\t\t\t\t\tdata-frame_0=\"x:-100%;\"\n\t\t\t\t\t\t\t\tdata-frame_0_mask=\"u:t;\"\n\t\t\t\t\t\t\t\tdata-frame_1=\"sp:1000;\"\n\t\t\t\t\t\t\t\tdata-frame_1_mask=\"u:t;\"\n\t\t\t\t\t\t\t\tdata-frame_999=\"o:0;st:w;\"\n\t\t\t\t\t\t\t\tdata-frame_hover=\"c:#fff;bgc:transparent;boc:#fff;bor:0px,0px,0px,0px;bos:solid;bow:1px,1px,1px,1px;\"\n\t\t\t\t\t\t\t\tstyle=\"z-index:6;background-color:rgba(255,255,255,1);font-family:'Nunito Sans';\"\n\t\t\t\t\t\t\t>Glober Logistics \n\t\t\t\t\t\t\t<\/a><!--\n-->\t\t\t\t\t<\/rs-slide>\n\t\t\t\t\t<\/rs-slides>\n\t\t\t\t\t<rs-static-layers><!--\n\t\t\t\t\t--><\/rs-static-layers>\n\t\t\t\t<\/rs-module>\n\t\t\t\t<script>\n\t\t\t\t\tsetREVStartSize({c: 'rev_slider_22_1',rl:[1240,1024,778,480],el:[900],gw:[1240],gh:[900],type:'standard',justify:'',layout:'fullscreen',offsetContainer:'',offset:'',mh:\"0\"});if (window.RS_MODULES!==undefined && window.RS_MODULES.modules!==undefined && window.RS_MODULES.modules[\"revslider221\"]!==undefined) {window.RS_MODULES.modules[\"revslider221\"].once = false;window.revapi22 = undefined;if (window.RS_MODULES.checkMinimal!==undefined) window.RS_MODULES.checkMinimal()}\n\t\t\t\t<\/script>\n\t\t\t<\/rs-module-wrap>\n\t\t\t<!-- END REVOLUTION SLIDER -->\n<\/div><\/div><\/div><\/div><\/div><\/section><section class=\"l-section wpb_row height_medium full_height valign_top\"><div class=\"l-section-h i-cf\"><div class=\"g-cols vc_row via_flex valign_top type_default stacking_default\"><div class=\"vc_col-sm-12 wpb_column vc_column_container\"><div class=\"vc_column-inner\"><div class=\"wpb_wrapper\"><div class=\"g-cols wpb_row via_flex valign_top type_default stacking_default\"><div class=\"vc_col-sm-12 wpb_column vc_column_container\"><div class=\"vc_column-inner\"><div class=\"wpb_wrapper\"><div class=\"wpb_text_column\"><div class=\"wpb_wrapper\"><h1 style=\"text-align: center;\">Vagon ve Lojistik Grubu<\/h1>\n<\/div><\/div><div class=\"w-separator size_medium\"><\/div><\/div><\/div><\/div><\/div><div class=\"g-cols wpb_row via_flex valign_top type_default stacking_default\"><div class=\"vc_col-sm-6 wpb_column vc_column_container\"><div class=\"vc_column-inner\"><div class=\"wpb_wrapper\"><div id=\"ultimate-heading-136869f24a48def75\" class=\"uvc-heading ult-adjust-bottom-margin ultimate-heading-136869f24a48def75 uvc-5927 \" data-hspacer=\"no_spacer\"  data-halign=\"center\" style=\"text-align:center\"><div class=\"uvc-heading-spacer no_spacer\" style=\"top\"><\/div><div class=\"uvc-main-heading ult-responsive\"  data-ultimate-target='.uvc-heading.ultimate-heading-136869f24a48def75 h2'  data-responsive-json-new='{\"font-size\":\"desktop:28px;\",\"line-height\":\"\"}' ><h2 style=\"font-family:&#039;Montserrat&#039;;font-weight:800;color:#000000;\">RC End\u00fcstri<\/h2><\/div><\/div><div class=\"w-separator size_small\"><\/div><div class=\"w-image us_custom_f13c7cac style_shadow-1 align_center\"><div class=\"w-image-h\"><img decoding=\"async\" width=\"1636\" height=\"920\" src=\"https:\/\/erciyas.com\/wp-content\/uploads\/2021\/06\/rc-industry-wo-filter.jpg\" class=\"attachment-full size-full\" alt=\"\" loading=\"lazy\" srcset=\"https:\/\/erciyas.com\/wp-content\/uploads\/2021\/06\/rc-industry-wo-filter.jpg 1636w, https:\/\/erciyas.com\/wp-content\/uploads\/2021\/06\/rc-industry-wo-filter-300x169.jpg 300w, https:\/\/erciyas.com\/wp-content\/uploads\/2021\/06\/rc-industry-wo-filter-1024x576.jpg 1024w, https:\/\/erciyas.com\/wp-content\/uploads\/2021\/06\/rc-industry-wo-filter-150x84.jpg 150w, https:\/\/erciyas.com\/wp-content\/uploads\/2021\/06\/rc-industry-wo-filter-149x84.jpg 149w, https:\/\/erciyas.com\/wp-content\/uploads\/2021\/06\/rc-industry-wo-filter-500x281.jpg 500w\" sizes=\"auto, (max-width: 1636px) 100vw, 1636px\" \/><\/div><\/div><div class=\"w-separator size_small\"><\/div><div class=\"wpb_text_column\"><div class=\"wpb_wrapper\"><p style=\"text-align: center;\">Erciyas Holding\u2019in gelece\u011fe ve teknolojiye yapt\u0131\u011f\u0131 en b\u00fcy\u00fck yat\u0131r\u0131mlardan biri olan RC End\u00fcstri; y\u00fckselen bir alanda yenilik\u00e7i vizyonuyla hizmet vermektedir.<\/p>\n<\/div><\/div><div class=\"w-separator size_small\"><\/div><div class=\"w-btn-wrapper align_center\"><a class=\"w-btn us-btn-style_2\" href=\"https:\/\/erciyas.com\/en\/rc-industry\/\"><span class=\"w-btn-label\">RC End\u00fcstri<\/span><\/a><\/div><\/div><\/div><\/div><div class=\"vc_col-sm-6 wpb_column vc_column_container\"><div class=\"vc_column-inner\"><div class=\"wpb_wrapper\"><div id=\"ultimate-heading-367869f24a48e052b\" class=\"uvc-heading ult-adjust-bottom-margin ultimate-heading-367869f24a48e052b uvc-2105 \" data-hspacer=\"no_spacer\"  data-halign=\"center\" style=\"text-align:center\"><div class=\"uvc-heading-spacer no_spacer\" style=\"top\"><\/div><div class=\"uvc-main-heading ult-responsive\"  data-ultimate-target='.uvc-heading.ultimate-heading-367869f24a48e052b h2'  data-responsive-json-new='{\"font-size\":\"desktop:28px;\",\"line-height\":\"\"}' ><h2 style=\"font-family:&#039;Montserrat&#039;;font-weight:800;color:#000000;\">Glober Lojistik<\/h2><\/div><\/div><div class=\"w-separator size_small\"><\/div><div class=\"w-image us_custom_f13c7cac style_shadow-1 align_center\"><div class=\"w-image-h\"><img decoding=\"async\" width=\"1920\" height=\"1080\" src=\"https:\/\/erciyas.com\/wp-content\/uploads\/2021\/06\/glober-logistics.jpg\" class=\"attachment-full size-full\" alt=\"\" loading=\"lazy\" srcset=\"https:\/\/erciyas.com\/wp-content\/uploads\/2021\/06\/glober-logistics.jpg 1920w, https:\/\/erciyas.com\/wp-content\/uploads\/2021\/06\/glober-logistics-300x169.jpg 300w, https:\/\/erciyas.com\/wp-content\/uploads\/2021\/06\/glober-logistics-1024x576.jpg 1024w, https:\/\/erciyas.com\/wp-content\/uploads\/2021\/06\/glober-logistics-150x84.jpg 150w, https:\/\/erciyas.com\/wp-content\/uploads\/2021\/06\/glober-logistics-149x84.jpg 149w, https:\/\/erciyas.com\/wp-content\/uploads\/2021\/06\/glober-logistics-500x281.jpg 500w\" sizes=\"auto, (max-width: 1920px) 100vw, 1920px\" \/><\/div><\/div><div class=\"w-separator size_small\"><\/div><div class=\"wpb_text_column\"><div class=\"wpb_wrapper\"><p style=\"text-align: center;\">Glober Lojistik u\u00e7tan uca, kusursuz ve g\u00fcvenilir lojistik hizmeti sa\u011flamak i\u00e7in kuruldu.<\/p>\n<\/div><\/div><div class=\"w-separator size_medium\"><\/div><div class=\"ult-spacer spacer-69f24a48e1413\" data-id=\"69f24a48e1413\" data-height=\"5\" data-height-mobile=\"5\" data-height-tab=\"5\" data-height-tab-portrait=\"\" data-height-mobile-landscape=\"\" style=\"clear:both;display:block;\"><\/div><div class=\"w-btn-wrapper align_center\"><a class=\"w-btn us-btn-style_2\" href=\"https:\/\/erciyas.com\/glober-logistics\/\"><span class=\"w-btn-label\">Glober Lojistik<\/span><\/a><\/div><\/div><\/div><\/div><\/div><\/div><\/div><\/div><\/div><\/div><\/section>\n","protected":false},"excerpt":{"rendered":"Erciyas Wagon and Logistics Group RC Industry RC Industry Glober Logistics Glober Logistics Vagon ve Lojistik Grubu RC End\u00fcstriErciyas Holding\u2019in gelece\u011fe ve teknolojiye yapt\u0131\u011f\u0131 en b\u00fcy\u00fck yat\u0131r\u0131mlardan biri olan RC End\u00fcstri; y\u00fckselen bir alanda yenilik\u00e7i vizyonuyla hizmet vermektedir. RC End\u00fcstriGlober LojistikGlober Lojistik u\u00e7tan uca, kusursuz ve g\u00fcvenilir lojistik hizmeti sa\u011flamak i\u00e7in kuruldu. Glober Lojistik","protected":false},"author":1,"featured_media":0,"parent":0,"menu_order":0,"comment_status":"closed","ping_status":"closed","template":"","meta":{"footnotes":""},"class_list":["post-403","page","type-page","status-publish","hentry"],"_links":{"self":[{"href":"https:\/\/erciyas.com\/en\/wp-json\/wp\/v2\/pages\/403","targetHints":{"allow":["GET"]}}],"collection":[{"href":"https:\/\/erciyas.com\/en\/wp-json\/wp\/v2\/pages"}],"about":[{"href":"https:\/\/erciyas.com\/en\/wp-json\/wp\/v2\/types\/page"}],"author":[{"embeddable":true,"href":"https:\/\/erciyas.com\/en\/wp-json\/wp\/v2\/users\/1"}],"replies":[{"embeddable":true,"href":"https:\/\/erciyas.com\/en\/wp-json\/wp\/v2\/comments?post=403"}],"version-history":[{"count":5,"href":"https:\/\/erciyas.com\/en\/wp-json\/wp\/v2\/pages\/403\/revisions"}],"predecessor-version":[{"id":650,"href":"https:\/\/erciyas.com\/en\/wp-json\/wp\/v2\/pages\/403\/revisions\/650"}],"wp:attachment":[{"href":"https:\/\/erciyas.com\/en\/wp-json\/wp\/v2\/media?parent=403"}],"curies":[{"name":"wp","href":"https:\/\/api.w.org\/{rel}","templated":true}]}}