{"id":303,"date":"2021-06-04T17:16:20","date_gmt":"2021-06-04T14:16:20","guid":{"rendered":"https:\/\/erciyas.com\/?page_id=303"},"modified":"2023-10-23T20:07:41","modified_gmt":"2023-10-23T17:07:41","slug":"energy-group","status":"publish","type":"page","link":"https:\/\/erciyas.com\/en\/energy-group\/","title":{"rendered":"Energy Group"},"content":{"rendered":"<section class=\"l-section wpb_row height_auto width_full\"><div class=\"l-section-h i-cf\"><div class=\"g-cols vc_row via_flex valign_top type_default stacking_default\"><div class=\"vc_col-sm-12 wpb_column vc_column_container\"><div class=\"vc_column-inner\"><div class=\"wpb_wrapper\">\n\t\t\t<!-- START Energy Group REVOLUTION SLIDER 6.7.41 --><p class=\"rs-p-wp-fix\"><\/p>\n\t\t\t<rs-module-wrap id=\"rev_slider_36_1_wrapper\" data-source=\"gallery\" style=\"visibility:hidden;background:transparent;padding:0;\">\n\t\t\t\t<rs-module id=\"rev_slider_36_1\" style=\"\" data-version=\"6.7.41\">\n\t\t\t\t\t<rs-slides style=\"overflow: hidden; position: absolute;\">\n\t\t\t\t\t\t<rs-slide style=\"position: absolute;\" data-key=\"rs-63\" data-title=\"Slide\" data-thumb=\"\/\/erciyas.com\/wp-content\/uploads\/2021\/06\/energy-group-50x100.jpg\" data-anim=\"adpr:false;\" data-in=\"o:0;\" data-out=\"a:false;\">\n\t\t\t\t\t\t\t<img decoding=\"async\" src=\"\/\/erciyas.com\/wp-content\/plugins\/revslider\/sr6\/assets\/assets\/dummy.png\" alt=\"\" title=\"energy-group\" width=\"1920\" height=\"1080\" class=\"rev-slidebg tp-rs-img rs-lazyload\" data-lazyload=\"\/\/erciyas.com\/wp-content\/uploads\/2021\/06\/energy-group.jpg\" data-no-retina>\n<!--\n\t\t\t\t\t\t\t--><rs-layer\n\t\t\t\t\t\t\t\tid=\"slider-36-slide-63-layer-0\" \n\t\t\t\t\t\t\t\tdata-type=\"shape\"\n\t\t\t\t\t\t\t\tdata-rsp_ch=\"on\"\n\t\t\t\t\t\t\t\tdata-text=\"w:normal;\"\n\t\t\t\t\t\t\t\tdata-dim=\"w:100%;h:100%;\"\n\t\t\t\t\t\t\t\tdata-basealign=\"slide\"\n\t\t\t\t\t\t\t\tdata-frame_999=\"o:0;st:w;\"\n\t\t\t\t\t\t\t\tstyle=\"z-index:8;background-color:rgba(0,0,0,0.4);\"\n\t\t\t\t\t\t\t> \n\t\t\t\t\t\t\t<\/rs-layer><!--\n\n\t\t\t\t\t\t\t--><rs-layer\n\t\t\t\t\t\t\t\tid=\"slider-36-slide-63-layer-2\" \n\t\t\t\t\t\t\t\tdata-type=\"text\"\n\t\t\t\t\t\t\t\tdata-color=\"#ffffff\"\n\t\t\t\t\t\t\t\tdata-rsp_ch=\"on\"\n\t\t\t\t\t\t\t\tdata-xy=\"x:50px;y:c;\"\n\t\t\t\t\t\t\t\tdata-text=\"w:normal;s:80;l:90;fw:900;\"\n\t\t\t\t\t\t\t\tdata-frame_0=\"y:100%;\"\n\t\t\t\t\t\t\t\tdata-frame_0_mask=\"u:t;\"\n\t\t\t\t\t\t\t\tdata-frame_1=\"sp:1200;\"\n\t\t\t\t\t\t\t\tdata-frame_1_mask=\"u:t;\"\n\t\t\t\t\t\t\t\tdata-frame_999=\"o:0;st:w;\"\n\t\t\t\t\t\t\t\tstyle=\"z-index:9;font-family:'Nunito Sans';\"\n\t\t\t\t\t\t\t>Energy Group \n\t\t\t\t\t\t\t<\/rs-layer><!--\n-->\t\t\t\t\t<\/rs-slide>\n\t\t\t\t\t\t<rs-slide style=\"position: absolute;\" data-key=\"rs-64\" data-title=\"Slide\" data-thumb=\"\/\/erciyas.com\/wp-content\/uploads\/2021\/06\/erciyas-energy-wo-filter-50x100.jpg\" data-anim=\"adpr:false;\" data-in=\"o:0;\" data-out=\"a:false;\">\n\t\t\t\t\t\t\t<img decoding=\"async\" src=\"\/\/erciyas.com\/wp-content\/plugins\/revslider\/sr6\/assets\/assets\/dummy.png\" alt=\"\" title=\"erciyas-energy-wo-filter\" width=\"1920\" height=\"1080\" class=\"rev-slidebg tp-rs-img rs-lazyload\" data-lazyload=\"\/\/erciyas.com\/wp-content\/uploads\/2021\/06\/erciyas-energy-wo-filter.jpg\" data-no-retina>\n<!--\n\t\t\t\t\t\t\t--><rs-layer\n\t\t\t\t\t\t\t\tid=\"slider-36-slide-64-layer-3\" \n\t\t\t\t\t\t\t\tdata-type=\"text\"\n\t\t\t\t\t\t\t\tdata-color=\"#ffffff\"\n\t\t\t\t\t\t\t\tdata-rsp_ch=\"on\"\n\t\t\t\t\t\t\t\tdata-xy=\"x:50px;y:c;yo:-100px;\"\n\t\t\t\t\t\t\t\tdata-text=\"w:normal;s:50;l:80;fw:900;\"\n\t\t\t\t\t\t\t\tdata-frame_0=\"y:100%;\"\n\t\t\t\t\t\t\t\tdata-frame_0_mask=\"u:t;\"\n\t\t\t\t\t\t\t\tdata-frame_1=\"sp:1200;\"\n\t\t\t\t\t\t\t\tdata-frame_1_mask=\"u:t;\"\n\t\t\t\t\t\t\t\tdata-frame_999=\"o:0;st:w;\"\n\t\t\t\t\t\t\t\tstyle=\"z-index:9;font-family:'Nunito Sans';\"\n\t\t\t\t\t\t\t>Erciyas Energy \n\t\t\t\t\t\t\t<\/rs-layer><!--\n\n\t\t\t\t\t\t\t--><a\n\t\t\t\t\t\t\t\tid=\"slider-36-slide-64-layer-4\" \n\t\t\t\t\t\t\t\tclass=\"rs-layer rev-btn\"\n\t\t\t\t\t\t\t\thref=\"https:\/\/erciyassteelpipe.com\/en\/erciyas-energy\/\" target=\"_self\"\n\t\t\t\t\t\t\t\tdata-type=\"button\"\n\t\t\t\t\t\t\t\tdata-color=\"#000000\"\n\t\t\t\t\t\t\t\tdata-rsp_ch=\"on\"\n\t\t\t\t\t\t\t\tdata-xy=\"x:50px;y:c;\"\n\t\t\t\t\t\t\t\tdata-text=\"w:normal;s:15;l:32;fw:700;\"\n\t\t\t\t\t\t\t\tdata-dim=\"minh:0px;\"\n\t\t\t\t\t\t\t\tdata-padding=\"r:20;l:20;\"\n\t\t\t\t\t\t\t\tdata-frame_0=\"y:100%;\"\n\t\t\t\t\t\t\t\tdata-frame_0_mask=\"u:t;\"\n\t\t\t\t\t\t\t\tdata-frame_1=\"sp:1200;\"\n\t\t\t\t\t\t\t\tdata-frame_1_mask=\"u:t;\"\n\t\t\t\t\t\t\t\tdata-frame_999=\"o:0;st:w;\"\n\t\t\t\t\t\t\t\tdata-frame_hover=\"c:#fff;bgc:transparent;boc:#fff;bor:0px,0px,0px,0px;bos:solid;bow:1px,1px,1px,1px;\"\n\t\t\t\t\t\t\t\tstyle=\"z-index:10;background-color:rgba(255,255,255,1);font-family:'Nunito Sans';\"\n\t\t\t\t\t\t\t>Erciyas Energy \n\t\t\t\t\t\t\t<\/a><!--\n\n\t\t\t\t\t\t\t--><rs-layer\n\t\t\t\t\t\t\t\tid=\"slider-36-slide-64-layer-7\" \n\t\t\t\t\t\t\t\tdata-type=\"shape\"\n\t\t\t\t\t\t\t\tdata-rsp_ch=\"on\"\n\t\t\t\t\t\t\t\tdata-text=\"w:normal;\"\n\t\t\t\t\t\t\t\tdata-dim=\"w:100%;h:100%;\"\n\t\t\t\t\t\t\t\tdata-basealign=\"slide\"\n\t\t\t\t\t\t\t\tdata-frame_999=\"o:0;st:w;\"\n\t\t\t\t\t\t\t\tstyle=\"z-index:8;background-color:rgba(0,0,0,0.3);\"\n\t\t\t\t\t\t\t> \n\t\t\t\t\t\t\t<\/rs-layer><!--\n-->\t\t\t\t\t<\/rs-slide>\n\t\t\t\t\t\t<rs-slide style=\"position: absolute;\" data-key=\"rs-65\" data-title=\"Slide\" data-thumb=\"\/\/erciyas.com\/wp-content\/uploads\/2021\/06\/komet-energy-50x100.jpg\" data-anim=\"adpr:false;\" data-in=\"o:0;\" data-out=\"a:false;\">\n\t\t\t\t\t\t\t<img decoding=\"async\" src=\"\/\/erciyas.com\/wp-content\/plugins\/revslider\/sr6\/assets\/assets\/dummy.png\" alt=\"\" title=\"komet-energy\" width=\"1920\" height=\"1080\" class=\"rev-slidebg tp-rs-img rs-lazyload\" data-lazyload=\"\/\/erciyas.com\/wp-content\/uploads\/2021\/06\/komet-energy.jpg\" data-no-retina>\n<!--\n\t\t\t\t\t\t\t--><rs-layer\n\t\t\t\t\t\t\t\tid=\"slider-36-slide-65-layer-5\" \n\t\t\t\t\t\t\t\tdata-type=\"text\"\n\t\t\t\t\t\t\t\tdata-color=\"#ffffff\"\n\t\t\t\t\t\t\t\tdata-rsp_ch=\"on\"\n\t\t\t\t\t\t\t\tdata-xy=\"x:50px;y:c;yo:-110px;\"\n\t\t\t\t\t\t\t\tdata-text=\"w:normal;s:50;l:60;fw:900;\"\n\t\t\t\t\t\t\t\tdata-frame_0=\"y:100%;\"\n\t\t\t\t\t\t\t\tdata-frame_0_mask=\"u:t;\"\n\t\t\t\t\t\t\t\tdata-frame_1=\"sp:1200;\"\n\t\t\t\t\t\t\t\tdata-frame_1_mask=\"u:t;\"\n\t\t\t\t\t\t\t\tdata-frame_999=\"o:0;st:w;\"\n\t\t\t\t\t\t\t\tstyle=\"z-index:5;font-family:'Nunito Sans';\"\n\t\t\t\t\t\t\t>Komet Energy \n\t\t\t\t\t\t\t<\/rs-layer><!--\n\n\t\t\t\t\t\t\t--><a\n\t\t\t\t\t\t\t\tid=\"slider-36-slide-65-layer-6\" \n\t\t\t\t\t\t\t\tclass=\"rs-layer rev-btn\"\n\t\t\t\t\t\t\t\thref=\"https:\/\/erciyassteelpipe.com\/en\/komet-energy\/\" target=\"_self\"\n\t\t\t\t\t\t\t\tdata-type=\"button\"\n\t\t\t\t\t\t\t\tdata-color=\"#000000\"\n\t\t\t\t\t\t\t\tdata-rsp_ch=\"on\"\n\t\t\t\t\t\t\t\tdata-xy=\"x:50px;y:c;\"\n\t\t\t\t\t\t\t\tdata-text=\"w:normal;s:15;l:32;fw:700;\"\n\t\t\t\t\t\t\t\tdata-dim=\"minh:0px;\"\n\t\t\t\t\t\t\t\tdata-padding=\"r:20;l:20;\"\n\t\t\t\t\t\t\t\tdata-frame_0=\"y:100%;\"\n\t\t\t\t\t\t\t\tdata-frame_0_mask=\"u:t;\"\n\t\t\t\t\t\t\t\tdata-frame_1=\"sp:1200;\"\n\t\t\t\t\t\t\t\tdata-frame_1_mask=\"u:t;\"\n\t\t\t\t\t\t\t\tdata-frame_999=\"o:0;st:w;\"\n\t\t\t\t\t\t\t\tdata-frame_hover=\"c:#fff;bgc:rgba(255,255,255,0);boc:#fff;bor:0px,0px,0px,0px;bos:solid;bow:1px,1px,1px,1px;\"\n\t\t\t\t\t\t\t\tstyle=\"z-index:6;background-color:rgba(255,255,255,1);font-family:'Nunito Sans';\"\n\t\t\t\t\t\t\t>Komet Energy \n\t\t\t\t\t\t\t<\/a><!--\n-->\t\t\t\t\t<\/rs-slide>\n\t\t\t\t\t<\/rs-slides>\n\t\t\t\t\t<rs-static-layers><!--\n\t\t\t\t\t--><\/rs-static-layers>\n\t\t\t\t<\/rs-module>\n\t\t\t\t<script>\n\t\t\t\t\tsetREVStartSize({c: 'rev_slider_36_1',rl:[1240,1024,778,480],el:[900],gw:[1240],gh:[900],type:'standard',justify:'',layout:'fullscreen',offsetContainer:'',offset:'',mh:\"0\"});if (window.RS_MODULES!==undefined && window.RS_MODULES.modules!==undefined && window.RS_MODULES.modules[\"revslider361\"]!==undefined) {window.RS_MODULES.modules[\"revslider361\"].once = false;window.revapi36 = undefined;if (window.RS_MODULES.checkMinimal!==undefined) window.RS_MODULES.checkMinimal()}\n\t\t\t\t<\/script>\n\t\t\t<\/rs-module-wrap>\n\t\t\t<!-- END REVOLUTION SLIDER -->\n<\/div><\/div><\/div><\/div><\/div><\/section><section class=\"l-section wpb_row height_medium\"><div class=\"l-section-h i-cf\"><div class=\"g-cols vc_row via_flex valign_top type_default stacking_default\"><div class=\"vc_col-sm-12 wpb_column vc_column_container\"><div class=\"vc_column-inner\"><div class=\"wpb_wrapper\"><div class=\"g-cols wpb_row via_flex valign_top type_default stacking_default\"><div class=\"vc_col-sm-12 wpb_column vc_column_container\"><div class=\"vc_column-inner\"><div class=\"wpb_wrapper\"><div class=\"wpb_text_column\"><div class=\"wpb_wrapper\"><h1 style=\"text-align: center;\">Enerji Grubu<\/h1>\n<\/div><\/div><div class=\"wpb_text_column\"><div class=\"wpb_wrapper\"><p style=\"text-align: center;\">Erciyas Enerji Grubu, \u00e7evreye duyarl\u0131 ve s\u00fcrd\u00fcr\u00fclebilir kaynaklardan enerji \u00fcretme ve iletme vizyonuyla kurulan Erciyas Enerji, Komet Enerji, Briza R\u00fczgar Enerjisi, Brezza Elektrik ve Brise Elektrik&#8217;ten olu\u015fmaktad\u0131r.<\/p>\n<p style=\"text-align: center;\"><a href=\"https:\/\/erciyas.com\/wp-content\/uploads\/2021\/06\/EK-B-CISGK-POLITIKASI-R1.pdf\">QUALITY and HEALTH &amp; SAFETY POLICY (PDF)<\/a><\/p>\n<\/div><\/div><div class=\"w-separator size_medium\"><\/div><div class=\"w-image align_center\"><div class=\"w-image-h\"><img decoding=\"async\" width=\"1024\" height=\"427\" src=\"https:\/\/erciyas.com\/wp-content\/uploads\/2021\/06\/energy-energy-lineart-1024x427.png\" class=\"attachment-large size-large\" alt=\"\" loading=\"lazy\" srcset=\"https:\/\/erciyas.com\/wp-content\/uploads\/2021\/06\/energy-energy-lineart-1024x427.png 1024w, https:\/\/erciyas.com\/wp-content\/uploads\/2021\/06\/energy-energy-lineart-300x125.png 300w, https:\/\/erciyas.com\/wp-content\/uploads\/2021\/06\/energy-energy-lineart-150x63.png 150w, https:\/\/erciyas.com\/wp-content\/uploads\/2021\/06\/energy-energy-lineart-200x84.png 200w, https:\/\/erciyas.com\/wp-content\/uploads\/2021\/06\/energy-energy-lineart-500x208.png 500w, https:\/\/erciyas.com\/wp-content\/uploads\/2021\/06\/energy-energy-lineart.png 1200w\" sizes=\"auto, (max-width: 1024px) 100vw, 1024px\" \/><\/div><\/div><\/div><\/div><\/div><\/div><\/div><\/div><\/div><\/div><\/div><\/section><section class=\"l-section wpb_row height_medium\"><div class=\"l-section-h i-cf\"><div class=\"g-cols vc_row via_flex valign_top type_default stacking_default\"><div class=\"vc_col-sm-12 wpb_column vc_column_container\"><div class=\"vc_column-inner\"><div class=\"wpb_wrapper\"><div class=\"g-cols wpb_row via_flex valign_top type_default stacking_default\"><div class=\"vc_col-sm-4 wpb_column vc_column_container\"><div class=\"vc_column-inner\"><div class=\"wpb_wrapper\"><div id=\"ultimate-heading-357469f1d0d87a736\" class=\"uvc-heading ult-adjust-bottom-margin ultimate-heading-357469f1d0d87a736 uvc-2040 \" data-hspacer=\"no_spacer\"  data-halign=\"center\" style=\"text-align:center\"><div class=\"uvc-heading-spacer no_spacer\" style=\"top\"><\/div><div class=\"uvc-main-heading ult-responsive\"  data-ultimate-target='.uvc-heading.ultimate-heading-357469f1d0d87a736 h2'  data-responsive-json-new='{\"font-size\":\"desktop:28px;\",\"line-height\":\"\"}' ><h2 style=\"font-family:&#039;Montserrat&#039;;font-weight:800;color:#000000;\">Briza<\/h2><\/div><\/div><div class=\"w-separator size_small\"><\/div><div class=\"w-image us_custom_447bff20 align_center\"><div class=\"w-image-h\"><img decoding=\"async\" width=\"1920\" height=\"1080\" src=\"https:\/\/erciyas.com\/wp-content\/uploads\/2021\/06\/briza-wind.jpg\" class=\"attachment-full size-full\" alt=\"\" loading=\"lazy\" srcset=\"https:\/\/erciyas.com\/wp-content\/uploads\/2021\/06\/briza-wind.jpg 1920w, https:\/\/erciyas.com\/wp-content\/uploads\/2021\/06\/briza-wind-300x169.jpg 300w, https:\/\/erciyas.com\/wp-content\/uploads\/2021\/06\/briza-wind-1024x576.jpg 1024w, https:\/\/erciyas.com\/wp-content\/uploads\/2021\/06\/briza-wind-150x84.jpg 150w, https:\/\/erciyas.com\/wp-content\/uploads\/2021\/06\/briza-wind-149x84.jpg 149w, https:\/\/erciyas.com\/wp-content\/uploads\/2021\/06\/briza-wind-500x281.jpg 500w\" sizes=\"auto, (max-width: 1920px) 100vw, 1920px\" \/><\/div><\/div><div class=\"w-separator size_small\"><\/div><div class=\"w-btn-wrapper align_center\"><a class=\"w-btn us-btn-style_2\" title=\"Briza\" href=\"https:\/\/erciyas.com\/en\/briza\/\"><span class=\"w-btn-label\">Briza<\/span><\/a><\/div><\/div><\/div><\/div><div class=\"vc_col-sm-4 wpb_column vc_column_container\"><div class=\"vc_column-inner\"><div class=\"wpb_wrapper\"><div id=\"ultimate-heading-940369f1d0d87c871\" class=\"uvc-heading ult-adjust-bottom-margin ultimate-heading-940369f1d0d87c871 uvc-3395 \" data-hspacer=\"no_spacer\"  data-halign=\"center\" style=\"text-align:center\"><div class=\"uvc-heading-spacer no_spacer\" style=\"top\"><\/div><div class=\"uvc-main-heading ult-responsive\"  data-ultimate-target='.uvc-heading.ultimate-heading-940369f1d0d87c871 h2'  data-responsive-json-new='{\"font-size\":\"desktop:28px;\",\"line-height\":\"\"}' ><h2 style=\"font-family:&#039;Montserrat&#039;;font-weight:800;color:#000000;\">Erciyas Enerji<\/h2><\/div><\/div><div class=\"w-separator size_small\"><\/div><div class=\"w-image us_custom_447bff20 align_center\"><div class=\"w-image-h\"><img decoding=\"async\" width=\"1920\" height=\"1080\" src=\"https:\/\/erciyas.com\/wp-content\/uploads\/2021\/06\/erciyas-energy-wo-filter.jpg\" class=\"attachment-full size-full\" alt=\"\" loading=\"lazy\" srcset=\"https:\/\/erciyas.com\/wp-content\/uploads\/2021\/06\/erciyas-energy-wo-filter.jpg 1920w, https:\/\/erciyas.com\/wp-content\/uploads\/2021\/06\/erciyas-energy-wo-filter-300x169.jpg 300w, https:\/\/erciyas.com\/wp-content\/uploads\/2021\/06\/erciyas-energy-wo-filter-1024x576.jpg 1024w, https:\/\/erciyas.com\/wp-content\/uploads\/2021\/06\/erciyas-energy-wo-filter-150x84.jpg 150w, https:\/\/erciyas.com\/wp-content\/uploads\/2021\/06\/erciyas-energy-wo-filter-149x84.jpg 149w, https:\/\/erciyas.com\/wp-content\/uploads\/2021\/06\/erciyas-energy-wo-filter-500x281.jpg 500w\" sizes=\"auto, (max-width: 1920px) 100vw, 1920px\" \/><\/div><\/div><div class=\"w-separator size_small\"><\/div><div class=\"wpb_text_column\"><div class=\"wpb_wrapper\"><p style=\"text-align: center;\">Erciyas Energy founded in 2013 to develop, assess, purchase, build and run electrical energy generation facilities based on all kinds of energy sources, primarily renewable energy sources, and to market energy.<\/p>\n<\/div><\/div><div class=\"w-separator size_small\"><\/div><div class=\"w-btn-wrapper align_center\"><a class=\"w-btn us-btn-style_2\" href=\"https:\/\/erciyas.com\/erciyas-energy\/\"><span class=\"w-btn-label\">Erciyas Enerji<\/span><\/a><\/div><\/div><\/div><\/div><div class=\"vc_col-sm-4 wpb_column vc_column_container\"><div class=\"vc_column-inner\"><div class=\"wpb_wrapper\"><div id=\"ultimate-heading-258969f1d0d87e9cf\" class=\"uvc-heading ult-adjust-bottom-margin ultimate-heading-258969f1d0d87e9cf uvc-1396 \" data-hspacer=\"no_spacer\"  data-halign=\"center\" style=\"text-align:center\"><div class=\"uvc-heading-spacer no_spacer\" style=\"top\"><\/div><div class=\"uvc-main-heading ult-responsive\"  data-ultimate-target='.uvc-heading.ultimate-heading-258969f1d0d87e9cf h2'  data-responsive-json-new='{\"font-size\":\"desktop:28px;\",\"line-height\":\"\"}' ><h2 style=\"font-family:&#039;Montserrat&#039;;font-weight:800;color:#000000;\">Komet<\/h2><\/div><\/div><div class=\"w-separator size_small\"><\/div><div class=\"w-image us_custom_447bff20 align_center\"><div class=\"w-image-h\"><img decoding=\"async\" width=\"1920\" height=\"1080\" src=\"https:\/\/erciyas.com\/wp-content\/uploads\/2021\/06\/komet-energy.jpg\" class=\"attachment-full size-full\" alt=\"\" loading=\"lazy\" srcset=\"https:\/\/erciyas.com\/wp-content\/uploads\/2021\/06\/komet-energy.jpg 1920w, https:\/\/erciyas.com\/wp-content\/uploads\/2021\/06\/komet-energy-300x169.jpg 300w, https:\/\/erciyas.com\/wp-content\/uploads\/2021\/06\/komet-energy-1024x576.jpg 1024w, https:\/\/erciyas.com\/wp-content\/uploads\/2021\/06\/komet-energy-150x84.jpg 150w, https:\/\/erciyas.com\/wp-content\/uploads\/2021\/06\/komet-energy-149x84.jpg 149w, https:\/\/erciyas.com\/wp-content\/uploads\/2021\/06\/komet-energy-500x281.jpg 500w\" sizes=\"auto, (max-width: 1920px) 100vw, 1920px\" \/><\/div><\/div><div class=\"w-separator size_small\"><\/div><div class=\"wpb_text_column\"><div class=\"wpb_wrapper\"><p style=\"text-align: center;\">Erciyas Group is %10 shareholder of Komet Energy which was founded in 2014 to build, operate and lease electric generation facilities as well as to sell electrical energy to customers.<\/p>\n<\/div><\/div><div class=\"w-separator size_medium\"><\/div><div class=\"w-btn-wrapper align_center\"><a class=\"w-btn us-btn-style_2\" href=\"https:\/\/erciyas.com\/komet-energy\/\"><span class=\"w-btn-label\">Komet<\/span><\/a><\/div><\/div><\/div><\/div><\/div><\/div><\/div><\/div><\/div><\/div><\/section>\n","protected":false},"excerpt":{"rendered":"Energy Group Erciyas Energy Erciyas Energy Komet Energy Komet Energy Enerji Grubu Erciyas Enerji Grubu, \u00e7evreye duyarl\u0131 ve s\u00fcrd\u00fcr\u00fclebilir kaynaklardan enerji \u00fcretme ve iletme vizyonuyla kurulan Erciyas Enerji, Komet Enerji, Briza R\u00fczgar Enerjisi, Brezza Elektrik ve Brise Elektrik&#8217;ten olu\u015fmaktad\u0131r. QUALITY and HEALTH &amp; SAFETY POLICY (PDF) BrizaBrizaErciyas EnerjiErciyas Energy founded in 2013 to develop, assess,...","protected":false},"author":1,"featured_media":0,"parent":0,"menu_order":0,"comment_status":"closed","ping_status":"closed","template":"","meta":{"footnotes":""},"class_list":["post-303","page","type-page","status-publish","hentry"],"_links":{"self":[{"href":"https:\/\/erciyas.com\/en\/wp-json\/wp\/v2\/pages\/303","targetHints":{"allow":["GET"]}}],"collection":[{"href":"https:\/\/erciyas.com\/en\/wp-json\/wp\/v2\/pages"}],"about":[{"href":"https:\/\/erciyas.com\/en\/wp-json\/wp\/v2\/types\/page"}],"author":[{"embeddable":true,"href":"https:\/\/erciyas.com\/en\/wp-json\/wp\/v2\/users\/1"}],"replies":[{"embeddable":true,"href":"https:\/\/erciyas.com\/en\/wp-json\/wp\/v2\/comments?post=303"}],"version-history":[{"count":6,"href":"https:\/\/erciyas.com\/en\/wp-json\/wp\/v2\/pages\/303\/revisions"}],"predecessor-version":[{"id":1234,"href":"https:\/\/erciyas.com\/en\/wp-json\/wp\/v2\/pages\/303\/revisions\/1234"}],"wp:attachment":[{"href":"https:\/\/erciyas.com\/en\/wp-json\/wp\/v2\/media?parent=303"}],"curies":[{"name":"wp","href":"https:\/\/api.w.org\/{rel}","templated":true}]}}